{"id":286,"date":"2016-10-31T13:17:59","date_gmt":"2016-10-31T16:17:59","guid":{"rendered":"https:\/\/isfdcdtefontana-for.infd.edu.ar\/sitio\/?page_id=286"},"modified":"2025-11-28T00:27:24","modified_gmt":"2025-11-28T03:27:24","slug":"inicio","status":"publish","type":"page","link":"https:\/\/isfdcdtefontana-for.infd.edu.ar\/sitio\/","title":{"rendered":"Inicio"},"content":{"rendered":"<h1 style=\"text-align: center;\"><a href=\"https:\/\/des-for.infd.edu.ar\/sitio\/oferta-academica-2026\/\">Carreras 2026<\/a><\/h1>\n<p><img decoding=\"async\" loading=\"lazy\" class=\"size-medium wp-image-1691 aligncenter\" src=\"https:\/\/isfdcdtefontana-for.infd.edu.ar\/sitio\/wp-content\/uploads\/2025\/11\/Carrera-2026-1000x1000.jpeg\" alt=\"\" width=\"1000\" height=\"1000\" srcset=\"https:\/\/isfdcdtefontana-for.infd.edu.ar\/sitio\/wp-content\/uploads\/2025\/11\/Carrera-2026-1000x1000.jpeg 1000w, https:\/\/isfdcdtefontana-for.infd.edu.ar\/sitio\/wp-content\/uploads\/2025\/11\/Carrera-2026-500x500.jpeg 500w, https:\/\/isfdcdtefontana-for.infd.edu.ar\/sitio\/wp-content\/uploads\/2025\/11\/Carrera-2026-768x768.jpeg 768w, https:\/\/isfdcdtefontana-for.infd.edu.ar\/sitio\/wp-content\/uploads\/2025\/11\/Carrera-2026-1536x1536.jpeg 1536w, https:\/\/isfdcdtefontana-for.infd.edu.ar\/sitio\/wp-content\/uploads\/2025\/11\/Carrera-2026.jpeg 1600w\" sizes=\"(max-width: 1000px) 100vw, 1000px\" \/><\/p>\n<p style=\"text-align: center;\"><a href=\"https:\/\/www.formosa.gob.ar\/educacion\/preinscripcioneducacionsuperior\"><img decoding=\"async\" src=\"https:\/\/isfdcdtefontana-for.infd.edu.ar\/sitio\/wp-content\/uploads\/2025\/11\/Pre-inscripcion.png\" \/><\/a><\/p>\n<p><img decoding=\"async\" loading=\"lazy\" class=\"alignnone size-full wp-image-1701 aligncenter\" src=\"https:\/\/isfdcdtefontana-for.infd.edu.ar\/sitio\/wp-content\/uploads\/2025\/11\/Anexo-1-Palo-Santo.png\" alt=\"\" width=\"839\" height=\"555\" srcset=\"https:\/\/isfdcdtefontana-for.infd.edu.ar\/sitio\/wp-content\/uploads\/2025\/11\/Anexo-1-Palo-Santo.png 839w, https:\/\/isfdcdtefontana-for.infd.edu.ar\/sitio\/wp-content\/uploads\/2025\/11\/Anexo-1-Palo-Santo-768x508.png 768w\" sizes=\"(max-width: 839px) 100vw, 839px\" \/><\/p>\n<p>&nbsp;<\/p>\n<p><img decoding=\"async\" loading=\"lazy\" class=\"size-medium wp-image-1695 aligncenter\" src=\"https:\/\/isfdcdtefontana-for.infd.edu.ar\/sitio\/wp-content\/uploads\/2025\/11\/Muestreo-de-Economia-2025-707x1000.jpeg\" alt=\"\" width=\"707\" height=\"1000\" srcset=\"https:\/\/isfdcdtefontana-for.infd.edu.ar\/sitio\/wp-content\/uploads\/2025\/11\/Muestreo-de-Economia-2025-707x1000.jpeg 707w, https:\/\/isfdcdtefontana-for.infd.edu.ar\/sitio\/wp-content\/uploads\/2025\/11\/Muestreo-de-Economia-2025-768x1086.jpeg 768w, https:\/\/isfdcdtefontana-for.infd.edu.ar\/sitio\/wp-content\/uploads\/2025\/11\/Muestreo-de-Economia-2025.jpeg 905w\" sizes=\"(max-width: 707px) 100vw, 707px\" \/><img decoding=\"async\" loading=\"lazy\" class=\"size-medium wp-image-1696 aligncenter\" src=\"https:\/\/isfdcdtefontana-for.infd.edu.ar\/sitio\/wp-content\/uploads\/2025\/11\/Muestreo-PEP-2025-709x1000.jpeg\" alt=\"\" width=\"709\" height=\"1000\" srcset=\"https:\/\/isfdcdtefontana-for.infd.edu.ar\/sitio\/wp-content\/uploads\/2025\/11\/Muestreo-PEP-2025-709x1000.jpeg 709w, https:\/\/isfdcdtefontana-for.infd.edu.ar\/sitio\/wp-content\/uploads\/2025\/11\/Muestreo-PEP-2025-768x1083.jpeg 768w, https:\/\/isfdcdtefontana-for.infd.edu.ar\/sitio\/wp-content\/uploads\/2025\/11\/Muestreo-PEP-2025-1090x1536.jpeg 1090w, https:\/\/isfdcdtefontana-for.infd.edu.ar\/sitio\/wp-content\/uploads\/2025\/11\/Muestreo-PEP-2025.jpeg 1135w\" sizes=\"(max-width: 709px) 100vw, 709px\" \/><\/p>\n<p style=\"text-align: center;\"><img decoding=\"async\" title=\" Relaci\u00f3n institucional \" src=\"https:\/\/isfdcdtefontana-for.infd.edu.ar\/sitio\/wp-content\/uploads\/2018\/07\/encabezadositio2.gif\" alt=\" Relaci\u00f3n institucional \" border=\"0\" \/><\/p>\n<p style=\"text-align: center;\"><span style=\"font-family: Verdana;\" data-mce-mark=\"1\"><strong><em><span style=\"font-size: 10pt;\" data-mce-mark=\"1\"><span data-mce-mark=\"1\"><a href=\"http:\/\/red.infd.edu.ar\/articulos\/especializacion-docente-de-nivel-superior-en-educacion-y-tic-2\/\" target=\"_blank\" rel=\"noopener\">Virtual Red de Institutos Superiores de Formaci\u00f3n Docente <\/a><\/span><\/span><\/em><\/strong><\/span><\/p>\n<p style=\"text-align: center;\"><span style=\"font-family: Verdana;\" data-mce-mark=\"1\"><span style=\"font-size: 8pt;\" data-mce-mark=\"1\">Estilo <span data-mce-mark=\"1\">Dependiente del <a href=\"http:\/\/www.me.gov.ar\/\" target=\"_blank\" rel=\"noopener\">Ministerio <\/a>de Educaci\u00f3n de la Naci\u00f3n Argentina<\/span><\/span><\/span><\/p>\n<p>&nbsp;<\/p>\n<p><a href=\"https:\/\/des-for.infd.edu.ar\/sitio\/oferta-academica-2026\/\"><img decoding=\"async\" loading=\"lazy\" class=\"size-medium wp-image-1692 aligncenter\" src=\"https:\/\/isfdcdtefontana-for.infd.edu.ar\/sitio\/wp-content\/uploads\/2025\/11\/Ofertas-academicas-2026-1000x1000.jpeg\" alt=\"\" width=\"1000\" height=\"1000\" srcset=\"https:\/\/isfdcdtefontana-for.infd.edu.ar\/sitio\/wp-content\/uploads\/2025\/11\/Ofertas-academicas-2026-1000x1000.jpeg 1000w, https:\/\/isfdcdtefontana-for.infd.edu.ar\/sitio\/wp-content\/uploads\/2025\/11\/Ofertas-academicas-2026-500x500.jpeg 500w, https:\/\/isfdcdtefontana-for.infd.edu.ar\/sitio\/wp-content\/uploads\/2025\/11\/Ofertas-academicas-2026-768x768.jpeg 768w, https:\/\/isfdcdtefontana-for.infd.edu.ar\/sitio\/wp-content\/uploads\/2025\/11\/Ofertas-academicas-2026-1536x1536.jpeg 1536w, https:\/\/isfdcdtefontana-for.infd.edu.ar\/sitio\/wp-content\/uploads\/2025\/11\/Ofertas-academicas-2026.jpeg 1600w\" sizes=\"(max-width: 1000px) 100vw, 1000px\" \/><\/a><\/p>\n<p>&nbsp;<\/p>\n<p>&nbsp;<\/p>\n<p>&nbsp;<\/p>\n<p>&nbsp;<\/p>\n<p>&nbsp;<\/p>\n<h1 style=\"text-align: center;\">Muestreo Pedag\u00f3gico &#8211; PEP<\/h1>\n<p><!--more--><\/p>\n<div style=\"width: 1024px;\" class=\"wp-video\"><!--[if lt IE 9]><script>document.createElement('video');<\/script><![endif]-->\n<video class=\"wp-video-shortcode\" id=\"video-286-1\" width=\"1024\" height=\"768\" preload=\"metadata\" controls=\"controls\"><source type=\"video\/mp4\" src=\"https:\/\/isfdcdtefontana-for.infd.edu.ar\/sitio\/wp-content\/uploads\/2022\/06\/Muestreo-pedagogico2022.mp4?_=1\" \/><a href=\"https:\/\/isfdcdtefontana-for.infd.edu.ar\/sitio\/wp-content\/uploads\/2022\/06\/Muestreo-pedagogico2022.mp4\">https:\/\/isfdcdtefontana-for.infd.edu.ar\/sitio\/wp-content\/uploads\/2022\/06\/Muestreo-pedagogico2022.mp4<\/a><\/video><\/div>\n<p><!--more--><\/p>\n<div style=\"width: 1024px;\" class=\"wp-video\"><video class=\"wp-video-shortcode\" id=\"video-286-2\" width=\"1024\" height=\"768\" preload=\"metadata\" controls=\"controls\"><source type=\"video\/mp4\" src=\"https:\/\/isfdcdtefontana-for.infd.edu.ar\/sitio\/wp-content\/uploads\/2022\/06\/Muestreo-pedagogico2022.mp4?_=2\" \/><a href=\"https:\/\/isfdcdtefontana-for.infd.edu.ar\/sitio\/wp-content\/uploads\/2022\/06\/Muestreo-pedagogico2022.mp4\">https:\/\/isfdcdtefontana-for.infd.edu.ar\/sitio\/wp-content\/uploads\/2022\/06\/Muestreo-pedagogico2022.mp4<\/a><\/video><\/div>\n<p>&nbsp;<\/p>\n<p style=\"text-align: center;\"><a href=\"https:\/\/isfdcdtefontana-for.infd.edu.ar\/sitio\/wp-content\/uploads\/2022\/06\/TipJornada.mp4\"><img decoding=\"async\" loading=\"lazy\" class=\"alignnone size-medium wp-image-1589\" src=\"https:\/\/isfdcdtefontana-for.infd.edu.ar\/sitio\/wp-content\/uploads\/2022\/06\/Cuidar-nos-1000x1000.jpeg\" alt=\"\" width=\"1000\" height=\"1000\" srcset=\"https:\/\/isfdcdtefontana-for.infd.edu.ar\/sitio\/wp-content\/uploads\/2022\/06\/Cuidar-nos-1000x1000.jpeg 1000w, https:\/\/isfdcdtefontana-for.infd.edu.ar\/sitio\/wp-content\/uploads\/2022\/06\/Cuidar-nos-500x500.jpeg 500w, https:\/\/isfdcdtefontana-for.infd.edu.ar\/sitio\/wp-content\/uploads\/2022\/06\/Cuidar-nos-768x768.jpeg 768w, https:\/\/isfdcdtefontana-for.infd.edu.ar\/sitio\/wp-content\/uploads\/2022\/06\/Cuidar-nos.jpeg 1080w\" sizes=\"(max-width: 1000px) 100vw, 1000px\" \/><\/a><\/p>\n<p style=\"text-align: center;\"><a href=\"https:\/\/red.infd.edu.ar\/institutos-de-formacion-docente-contra-las-violencias-de-genero\/\"><img decoding=\"async\" loading=\"lazy\" class=\"alignnone size-medium wp-image-1568\" src=\"https:\/\/isfdcdtefontana-for.infd.edu.ar\/sitio\/wp-content\/uploads\/2022\/06\/ESI2022-708x1000.jpeg\" alt=\"\" width=\"708\" height=\"1000\" srcset=\"https:\/\/isfdcdtefontana-for.infd.edu.ar\/sitio\/wp-content\/uploads\/2022\/06\/ESI2022-708x1000.jpeg 708w, https:\/\/isfdcdtefontana-for.infd.edu.ar\/sitio\/wp-content\/uploads\/2022\/06\/ESI2022-768x1085.jpeg 768w, https:\/\/isfdcdtefontana-for.infd.edu.ar\/sitio\/wp-content\/uploads\/2022\/06\/ESI2022.jpeg 997w\" sizes=\"(max-width: 708px) 100vw, 708px\" \/><\/a><\/p>\n<header class=\"entry-header\">\n<h1 class=\"entry-title\">Inscripci\u00f3n para cubrir cargo de interinatos y suplencias<\/h1>\n<\/header>\n<div class=\"entry-content\">\n<div class=\"addtoany_share_save_container addtoany_content addtoany_content_top\">\n<div class=\"a2a_kit a2a_kit_size_32 addtoany_list\" data-a2a-url=\"https:\/\/isfdcdtefontana-for.infd.edu.ar\/sitio\/inscripcion-para-cubrir-cargo-de-interinatos-y-suplencias\/\" data-a2a-title=\"Inscripci\u00f3n para cubrir cargo de interinatos y suplencias\">Se encuentra<strong>\u00a0abierta la inscripci\u00f3n<\/strong>\u00a0para interinatos y suplencias 2023<\/div>\n<div data-a2a-url=\"https:\/\/isfdcdtefontana-for.infd.edu.ar\/sitio\/inscripcion-para-cubrir-cargo-de-interinatos-y-suplencias\/\" data-a2a-title=\"Inscripci\u00f3n para cubrir cargo de interinatos y suplencias\">\n<p>Documentaciones para Descargar y presentar en formato papel por duplicado y en tama\u00f1o Oficio.<\/p>\n<p><strong>Descargar:<\/strong><\/p>\n<ul>\n<li><a href=\"https:\/\/isfdcdtefontana-for.infd.edu.ar\/sitio\/wp-content\/uploads\/2022\/06\/Ficha_de_Inscripcion_2023.pdf\">Ficha_de_Inscripcion_2023<\/a><a href=\"https:\/\/isfdcdtefontana-for.infd.edu.ar\/aula\/location.cgi?esMicrositio=no&amp;id_curso=147&amp;nueva=si&amp;wid_archivo=4721&amp;wseccion=03\" target=\"_blank\" rel=\"noopener\">\u00a0<\/a>Junta de Clasificaci\u00f3n (Imprimir tama\u00f1o oficio por duplicado, ambos formularios)<br \/>\u00a0<\/li>\n<\/ul>\n<p><strong>Consultar<\/strong>:<\/p>\n<ul>\n<li><a href=\"https:\/\/isfdcdtefontana-for.infd.edu.ar\/sitio\/wp-content\/uploads\/2022\/06\/PLANES-VIGENTES-ISFD-FONTANA-PARA-EL-CICLO-LECTIVO-2023.pdf\">PLANES VIGENTES ISFD FONTANA PARA EL CICLO LECTIVO 2023<\/a><strong><br \/><\/strong><\/li>\n<li><a href=\"https:\/\/isfdcdtefontana-for.infd.edu.ar\/sitio\/wp-content\/uploads\/2022\/06\/INSTRUCTIVO_DE_CONVOCATORIA_2022-Completo.pdf\">INSTRUCTIVO_DE_CONVOCATORIA_2022-Completo<\/a><\/li>\n<li><a href=\"https:\/\/isfdcdtefontana-for.infd.edu.ar\/sitio\/wp-content\/uploads\/2022\/06\/Nota_Multiple_03-22_Junta_de_Clasificacion_E._Superior.pdf\">Nota_Multiple_03-22_Junta_de_Clasificacion_E._Superior<\/a><\/li>\n<li><a href=\"https:\/\/isfdcdtefontana-for.infd.edu.ar\/sitio\/wp-content\/uploads\/2022\/06\/Res_1994-22_Convocatoria_inscripcion.pdf\">Res_1994-22_Convocatoria_inscripcion<\/a><\/li>\n<\/ul>\n<\/div>\n<\/div>\n<\/div>\n<header class=\"entry-header\">\n<header class=\"entry-header\">\n<h1 class=\"entry-title\" style=\"text-align: center;\">PRE-INSCRIPCIONES 2022<\/h1>\n<\/header>\n<div class=\"entry-content\">\n<div class=\"addtoany_share_save_container addtoany_content addtoany_content_top\" style=\"text-align: center;\">\n<div class=\"a2a_kit a2a_kit_size_32 addtoany_list\" data-a2a-url=\"https:\/\/des-for.infd.edu.ar\/sitio\/inscripciones-2021\/\" data-a2a-title=\"PRE-INSCRIPCIONES 2022\"><a class=\"a2a_button_facebook\" title=\"Facebook\" href=\"https:\/\/des-for.infd.edu.ar\/#facebook\" target=\"_blank\" rel=\"nofollow noopener\"><span class=\"a2a_label\">Facebook<\/span><\/a><a class=\"a2a_button_twitter\" title=\"Twitter\" href=\"https:\/\/des-for.infd.edu.ar\/#twitter\" target=\"_blank\" rel=\"nofollow noopener\"><span class=\"a2a_label\">Twitter<\/span><\/a><a class=\"a2a_dd addtoany_share_save addtoany_share\" href=\"https:\/\/www.addtoany.com\/share#url=https%3A%2F%2Fdes-for.infd.edu.ar%2Fsitio%2Finscripciones-2021%2F&amp;title=PRE-INSCRIPCIONES%202022\"><span class=\"a2a_label a2a_localize\" data-a2a-localize=\"inner,Share\">Compartir<\/span><\/a><\/div>\n<\/div>\n<div class=\"wp-block-image\" style=\"text-align: center;\">\n<figure class=\"aligncenter size-large is-resized\"><a href=\"https:\/\/des-for.infd.edu.ar\/sitio\/inscripciones-2021\/\"><img decoding=\"async\" loading=\"lazy\" class=\"wp-image-3576\" src=\"https:\/\/des-for.infd.edu.ar\/sitio\/wp-content\/uploads\/2021\/12\/Imagen6-1-1000x291-1.jpg\" sizes=\"(max-width: 623px) 100vw, 623px\" srcset=\"https:\/\/des-for.infd.edu.ar\/sitio\/wp-content\/uploads\/2021\/12\/Imagen6-1-1000x291-1.jpg 1000w, https:\/\/des-for.infd.edu.ar\/sitio\/wp-content\/uploads\/2021\/12\/Imagen6-1-1000x291-1-768x223.jpg 768w\" alt=\"\" width=\"623\" height=\"181\" \/><\/a><\/figure>\n<\/div>\n<div class=\"wp-block-file\" style=\"text-align: center;\"><a href=\"https:\/\/des-for.infd.edu.ar\/sitio\/wp-content\/uploads\/2021\/12\/856.21.pdf\">RESOLUCION N\u00ba 856\/2021 \u2013 Aprobaci\u00f3n de Ofertas Acad\u00e9micas de Nivel Superior<\/a><\/div>\n<div style=\"text-align: center;\"><img decoding=\"async\" loading=\"lazy\" class=\"alignnone size-full wp-image-1553\" src=\"https:\/\/isfdcdtefontana-for.infd.edu.ar\/sitio\/wp-content\/uploads\/2021\/12\/Flayer-Doc2022.png\" alt=\"\" width=\"587\" height=\"591\" \/><\/div>\n<div>\n<p><iframe loading=\"lazy\" title=\"VideoTSPA\" width=\"1200\" height=\"675\" src=\"https:\/\/www.youtube.com\/embed\/9P4LoOTIDAY?feature=oembed\" frameborder=\"0\" allow=\"accelerometer; autoplay; clipboard-write; encrypted-media; gyroscope; picture-in-picture\" allowfullscreen><\/iframe><\/p>\n<\/div>\n<\/div>\n<\/header>\n<div class=\"entry-content\" style=\"text-align: center;\">\n<div class=\"wp-block-file\">\u00a0<\/div>\n<\/div>\n<div style=\"text-align: center;\"><a href=\"https:\/\/des-for.infd.edu.ar\/sitio\/inscripciones-2021\/\"><img decoding=\"async\" loading=\"lazy\" class=\"alignnone size-full wp-image-1521\" src=\"https:\/\/isfdcdtefontana-for.infd.edu.ar\/sitio\/wp-content\/uploads\/2020\/11\/Carreras-2021.png\" alt=\"\" width=\"816\" height=\"416\" srcset=\"https:\/\/isfdcdtefontana-for.infd.edu.ar\/sitio\/wp-content\/uploads\/2020\/11\/Carreras-2021.png 816w, https:\/\/isfdcdtefontana-for.infd.edu.ar\/sitio\/wp-content\/uploads\/2020\/11\/Carreras-2021-768x392.png 768w\" sizes=\"(max-width: 816px) 100vw, 816px\" \/><img decoding=\"async\" loading=\"lazy\" class=\"alignnone size-full wp-image-1525\" src=\"https:\/\/isfdcdtefontana-for.infd.edu.ar\/sitio\/wp-content\/uploads\/2020\/11\/Carreras-en-Palo-Santo.jpeg\" alt=\"\" width=\"582\" height=\"664\" \/><\/a> <a href=\"https:\/\/becasprogresar.educacion.gob.ar\/index.php\" target=\"_NEW\" rel=\"noopener\"><img decoding=\"async\" src=\"https:\/\/becasprogresar.educacion.gob.ar\/img\/Beca_Progresar.jpg\" border=\"0\" \/><\/a> \u00a1<a href=\"https:\/\/red.infd.edu.ar\/becas-progresar-2\/\" target=\"_NEW\" rel=\"noopener\">Inscribite a progres<i>ar<\/i><\/a>!\u00a0\u00a0\u00a0\u00a0\u00a0 Ten\u00e9s tiempo hasta el 30 de abril de 2021<\/p>\n<p style=\"text-align: center;\">\u00a0<\/p>\n<\/div>\n<div>\u00a0<\/div>\n","protected":false},"excerpt":{"rendered":"<p>Carreras 2026 &nbsp; Virtual Red de Institutos Superiores de Formaci\u00f3n Docente Estilo Dependiente del Ministerio de Educaci\u00f3n de la Naci\u00f3n Argentina &nbsp; &nbsp; &nbsp; &nbsp; &nbsp; &nbsp; Muestreo Pedag\u00f3gico &#8211; PEP<\/p>\n","protected":false},"author":1,"featured_media":0,"parent":0,"menu_order":0,"comment_status":"closed","ping_status":"closed","template":"","meta":[],"acf":[],"_links":{"self":[{"href":"https:\/\/isfdcdtefontana-for.infd.edu.ar\/sitio\/wp-json\/wp\/v2\/pages\/286"}],"collection":[{"href":"https:\/\/isfdcdtefontana-for.infd.edu.ar\/sitio\/wp-json\/wp\/v2\/pages"}],"about":[{"href":"https:\/\/isfdcdtefontana-for.infd.edu.ar\/sitio\/wp-json\/wp\/v2\/types\/page"}],"author":[{"embeddable":true,"href":"https:\/\/isfdcdtefontana-for.infd.edu.ar\/sitio\/wp-json\/wp\/v2\/users\/1"}],"replies":[{"embeddable":true,"href":"https:\/\/isfdcdtefontana-for.infd.edu.ar\/sitio\/wp-json\/wp\/v2\/comments?post=286"}],"version-history":[{"count":160,"href":"https:\/\/isfdcdtefontana-for.infd.edu.ar\/sitio\/wp-json\/wp\/v2\/pages\/286\/revisions"}],"predecessor-version":[{"id":1710,"href":"https:\/\/isfdcdtefontana-for.infd.edu.ar\/sitio\/wp-json\/wp\/v2\/pages\/286\/revisions\/1710"}],"wp:attachment":[{"href":"https:\/\/isfdcdtefontana-for.infd.edu.ar\/sitio\/wp-json\/wp\/v2\/media?parent=286"}],"curies":[{"name":"wp","href":"https:\/\/api.w.org\/{rel}","templated":true}]}}